{"id":453,"date":"2026-01-27T08:24:40","date_gmt":"2026-01-27T13:24:40","guid":{"rendered":"https:\/\/events.asc-cybernetics.org\/2026\/?page_id=453"},"modified":"2026-02-06T13:50:11","modified_gmt":"2026-02-06T18:50:11","slug":"bem-vindo","status":"publish","type":"page","link":"https:\/\/events.asc-cybernetics.org\/2026\/pt\/bem-vindo\/","title":{"rendered":"Bem-Vindo"},"content":{"rendered":"\n<p>Junte-se a n\u00f3s em <a href=\"https:\/\/events.asc-cybernetics.org\/2026\/pt\/ouro-preto-2\/\" data-type=\"page\" data-id=\"485\">Ouro Preto<\/a>, Brasil, para a confer\u00eancia da American Society for Cybernetics, <em>Conflu\u00eancias Conversacionais<\/em>.<\/p>\n\n\n\n<p>A conflu\u00eancia, conforme articulada pelo pensador e ativista brasileiro <a href=\"https:\/\/ea.fflch.usp.br\/en\/author\/antonio-bispo-dos-santos#:~:text=Nego%20Bispo%2C%20as%20he%20is,gives%2C%20the%20land%20wants%5D%20(\">Nego Bispo<\/a>, oferece um referencial para refletir sobre como diferentes vis\u00f5es de mundo, pr\u00e1ticas e epistemologias podem coexistir sem perder suas identidades distintas. Em vez de assimila\u00e7\u00e3o ou homogeneiza\u00e7\u00e3o, a conflu\u00eancia trata da amplifica\u00e7\u00e3o m\u00fatua, na qual as diferen\u00e7as n\u00e3o s\u00e3o obst\u00e1culos, mas fontes de for\u00e7a. Assim como rios que se unem para se tornarem mais fortes, esse encontro cria novas e mais resilientes possibilidades de coexist\u00eancia. Enraizado em lutas decoloniais e contra-hegem\u00f4nicas, o conceito nos convida a imaginar colabora\u00e7\u00f5es que promovam a pluralidade e o surgimento de novos sistemas de viver e de conhecer. A partir dessa compreens\u00e3o, o encontro da ASC 2026 busca explorar como a cibern\u00e9tica pode participar dessas conflu\u00eancias \u2014 por meio de encontros e experimenta\u00e7\u00f5es que a coloquem em di\u00e1logo com a arte, o design, a tecnologia, a ecologia e os saberes situados.<\/p>\n\n\n\n<div class=\"wp-block-buttons is-layout-flex wp-block-buttons-is-layout-flex\">\n<div class=\"wp-block-button has-custom-width wp-block-button__width-100 is-style-fill\"><a class=\"wp-block-button__link has-white-color has-black-background-color has-text-color has-background has-link-color wp-element-button\" href=\"https:\/\/events.asc-cybernetics.org\/2026\/pt\/chamada-para-participacao-2\/\" style=\"border-top-left-radius:0px;border-top-right-radius:0px;border-bottom-left-radius:0px;border-bottom-right-radius:0px\">Chamada para Participa\u00e7\u00e3o<\/a><\/div>\n<\/div>\n\n\n\n<p><\/p>\n\n\n\n<div class=\"wp-block-buttons is-layout-flex wp-block-buttons-is-layout-flex\">\n<div class=\"wp-block-button has-custom-width wp-block-button__width-100 is-style-fill\"><a class=\"wp-block-button__link has-white-color has-black-background-color has-text-color has-background has-link-color wp-element-button\" href=\"https:\/\/events.asc-cybernetics.org\/2026\/pt\/sessoes-da-conferencia\/\" style=\"border-top-left-radius:0px;border-top-right-radius:0px;border-bottom-left-radius:0px;border-bottom-right-radius:0px\">Sess\u00f5es da Confer\u00eancia<\/a><\/div>\n<\/div>\n","protected":false},"excerpt":{"rendered":"<p>Junte-se a n\u00f3s em Ouro Preto, Brasil, para a confer\u00eancia da American Society for Cybernetics, Conflu\u00eancias Conversacionais. A conflu\u00eancia, conforme articulada pelo pensador e ativista brasileiro Nego Bispo, oferece um referencial para refletir sobre como diferentes vis\u00f5es de mundo, pr\u00e1ticas e epistemologias podem coexistir sem perder suas identidades distintas. Em vez de assimila\u00e7\u00e3o ou homogeneiza\u00e7\u00e3o, [&hellip;]<\/p>\n","protected":false},"author":4,"featured_media":0,"parent":0,"menu_order":2,"comment_status":"closed","ping_status":"closed","template":"","meta":{"footnotes":""},"class_list":["post-453","page","type-page","status-publish","hentry"],"_links":{"self":[{"href":"https:\/\/events.asc-cybernetics.org\/2026\/wp-json\/wp\/v2\/pages\/453","targetHints":{"allow":["GET"]}}],"collection":[{"href":"https:\/\/events.asc-cybernetics.org\/2026\/wp-json\/wp\/v2\/pages"}],"about":[{"href":"https:\/\/events.asc-cybernetics.org\/2026\/wp-json\/wp\/v2\/types\/page"}],"author":[{"embeddable":true,"href":"https:\/\/events.asc-cybernetics.org\/2026\/wp-json\/wp\/v2\/users\/4"}],"replies":[{"embeddable":true,"href":"https:\/\/events.asc-cybernetics.org\/2026\/wp-json\/wp\/v2\/comments?post=453"}],"version-history":[{"count":5,"href":"https:\/\/events.asc-cybernetics.org\/2026\/wp-json\/wp\/v2\/pages\/453\/revisions"}],"predecessor-version":[{"id":553,"href":"https:\/\/events.asc-cybernetics.org\/2026\/wp-json\/wp\/v2\/pages\/453\/revisions\/553"}],"wp:attachment":[{"href":"https:\/\/events.asc-cybernetics.org\/2026\/wp-json\/wp\/v2\/media?parent=453"}],"curies":[{"name":"wp","href":"https:\/\/api.w.org\/{rel}","templated":true}]}}