{"id":460,"date":"2026-01-27T08:51:20","date_gmt":"2026-01-27T13:51:20","guid":{"rendered":"https:\/\/events.asc-cybernetics.org\/2026\/?page_id=460"},"modified":"2026-01-29T16:25:53","modified_gmt":"2026-01-29T21:25:53","slug":"programacao-da-conferencia","status":"publish","type":"page","link":"https:\/\/events.asc-cybernetics.org\/2026\/pt\/programacao-da-conferencia\/","title":{"rendered":"Programa\u00e7\u00e3o"},"content":{"rendered":"\n<p>A programa\u00e7\u00e3o da confer\u00eancia ser\u00e1 disponibilizada em uma data posterior.<\/p>\n\n\n\n<p><\/p>\n","protected":false},"excerpt":{"rendered":"<p>A programa\u00e7\u00e3o da confer\u00eancia ser\u00e1 disponibilizada em uma data posterior.<\/p>\n","protected":false},"author":4,"featured_media":0,"parent":0,"menu_order":0,"comment_status":"closed","ping_status":"closed","template":"","meta":{"footnotes":""},"class_list":["post-460","page","type-page","status-publish","hentry"],"_links":{"self":[{"href":"https:\/\/events.asc-cybernetics.org\/2026\/wp-json\/wp\/v2\/pages\/460","targetHints":{"allow":["GET"]}}],"collection":[{"href":"https:\/\/events.asc-cybernetics.org\/2026\/wp-json\/wp\/v2\/pages"}],"about":[{"href":"https:\/\/events.asc-cybernetics.org\/2026\/wp-json\/wp\/v2\/types\/page"}],"author":[{"embeddable":true,"href":"https:\/\/events.asc-cybernetics.org\/2026\/wp-json\/wp\/v2\/users\/4"}],"replies":[{"embeddable":true,"href":"https:\/\/events.asc-cybernetics.org\/2026\/wp-json\/wp\/v2\/comments?post=460"}],"version-history":[{"count":2,"href":"https:\/\/events.asc-cybernetics.org\/2026\/wp-json\/wp\/v2\/pages\/460\/revisions"}],"predecessor-version":[{"id":464,"href":"https:\/\/events.asc-cybernetics.org\/2026\/wp-json\/wp\/v2\/pages\/460\/revisions\/464"}],"wp:attachment":[{"href":"https:\/\/events.asc-cybernetics.org\/2026\/wp-json\/wp\/v2\/media?parent=460"}],"curies":[{"name":"wp","href":"https:\/\/api.w.org\/{rel}","templated":true}]}}