{"id":479,"date":"2026-01-27T09:43:32","date_gmt":"2026-01-27T14:43:32","guid":{"rendered":"https:\/\/events.asc-cybernetics.org\/2026\/?page_id=479"},"modified":"2026-01-29T16:26:15","modified_gmt":"2026-01-29T21:26:15","slug":"workshops-2","status":"publish","type":"page","link":"https:\/\/events.asc-cybernetics.org\/2026\/pt\/workshops-2\/","title":{"rendered":"Workshops"},"content":{"rendered":"\n<p>As informa\u00e7\u00f5es sobre os workshops ser\u00e3o disponibilizadas futuramente.<\/p>\n","protected":false},"excerpt":{"rendered":"<p>As informa\u00e7\u00f5es sobre os workshops ser\u00e3o disponibilizadas futuramente.<\/p>\n","protected":false},"author":4,"featured_media":0,"parent":0,"menu_order":0,"comment_status":"closed","ping_status":"closed","template":"","meta":{"footnotes":""},"class_list":["post-479","page","type-page","status-publish","hentry"],"_links":{"self":[{"href":"https:\/\/events.asc-cybernetics.org\/2026\/wp-json\/wp\/v2\/pages\/479","targetHints":{"allow":["GET"]}}],"collection":[{"href":"https:\/\/events.asc-cybernetics.org\/2026\/wp-json\/wp\/v2\/pages"}],"about":[{"href":"https:\/\/events.asc-cybernetics.org\/2026\/wp-json\/wp\/v2\/types\/page"}],"author":[{"embeddable":true,"href":"https:\/\/events.asc-cybernetics.org\/2026\/wp-json\/wp\/v2\/users\/4"}],"replies":[{"embeddable":true,"href":"https:\/\/events.asc-cybernetics.org\/2026\/wp-json\/wp\/v2\/comments?post=479"}],"version-history":[{"count":1,"href":"https:\/\/events.asc-cybernetics.org\/2026\/wp-json\/wp\/v2\/pages\/479\/revisions"}],"predecessor-version":[{"id":480,"href":"https:\/\/events.asc-cybernetics.org\/2026\/wp-json\/wp\/v2\/pages\/479\/revisions\/480"}],"wp:attachment":[{"href":"https:\/\/events.asc-cybernetics.org\/2026\/wp-json\/wp\/v2\/media?parent=479"}],"curies":[{"name":"wp","href":"https:\/\/api.w.org\/{rel}","templated":true}]}}