{"id":482,"date":"2026-01-27T09:45:05","date_gmt":"2026-01-27T14:45:05","guid":{"rendered":"https:\/\/events.asc-cybernetics.org\/2026\/?page_id=482"},"modified":"2026-04-27T08:51:22","modified_gmt":"2026-04-27T12:51:22","slug":"inscricoes-datas","status":"publish","type":"page","link":"https:\/\/events.asc-cybernetics.org\/2026\/pt\/inscricoes-datas\/","title":{"rendered":"Inscri\u00e7\u00f5es &amp; Datas"},"content":{"rendered":"\n<p>Teremos o maior prazer em receb\u00ea-lo(a) como membro da Sociedade Americana de Cibern\u00e9tica (ASC). Visite a p\u00e1gina da ASC para&nbsp;<a href=\"https:\/\/asc-cybernetics.org\/join\/\" target=\"_blank\" rel=\"noreferrer noopener\">se associar<\/a>&nbsp;antes da confer\u00eancia.&nbsp;<\/p>\n\n\n\n<p id=\"nxuqnvlzumf\">Se n\u00e3o for membro, receber\u00e1 uma assinatura de um ano ap\u00f3s a inscri\u00e7\u00e3o na confer\u00eancia.<\/p>\n\n\n\n<p id=\"nsc019mgmkz\">Pessoas em circunst\u00e2ncias especiais podem solicitar taxas reduzidas mediante apresenta\u00e7\u00e3o de uma declara\u00e7\u00e3o que justifique o seu pedido.<\/p>\n\n\n\n<p>*Aqueles que alegam ser estudantes devem ser alunos em tempo integral de uma universidade ou institui\u00e7\u00e3o similar e devem apresentar comprovante de sua condi\u00e7\u00e3o, como uma carteira de estudante v\u00e1lida. N\u00e3o inclu\u00edmos como estudantes aqueles que exercem atividades de ensino ou outras fun\u00e7\u00f5es e que tamb\u00e9m estejam estudando, exceto em circunst\u00e2ncias muito espec\u00edficas (consulte-nos).<\/p>\n\n\n\n<p>**Oferecemos uma taxa de inscri\u00e7\u00e3o reduzida para pessoas que residem na Am\u00e9rica Latina e em pa\u00edses de baixo rendimento, conforme definido pelo&nbsp;<a href=\"https:\/\/datahelpdesk.worldbank.org\/knowledgebase\/articles\/906519-world-bank-country-and-lending-groups\" target=\"_blank\" rel=\"noreferrer noopener\">Banco Mundial<\/a>.<\/p>\n\n\n\n<figure class=\"wp-block-table\"><table class=\"has-fixed-layout\"><tbody><tr><td class=\"has-text-align-left\" data-align=\"left\">Inscri\u00e7\u00e3o<\/td><td class=\"has-text-align-right\" data-align=\"right\">In\u00edcio (at\u00e9 15 de maio):<\/td><td class=\"has-text-align-right\" data-align=\"right\">Regular (at\u00e9 30 de junho):<\/td><td class=\"has-text-align-right\" data-align=\"right\">Tarde:<\/td><\/tr><tr><td class=\"has-text-align-left\" data-align=\"left\">Membros da ASC<\/td><td class=\"has-text-align-right\" data-align=\"right\">$ 250<\/td><td class=\"has-text-align-right\" data-align=\"right\">$ 275<\/td><td class=\"has-text-align-right\" data-align=\"right\">$ 300<\/td><\/tr><tr><td class=\"has-text-align-left\" data-align=\"left\">P\u00fablico geral (non-ASC)<\/td><td class=\"has-text-align-right\" data-align=\"right\">$ 300<\/td><td class=\"has-text-align-right\" data-align=\"right\">$ 325<\/td><td class=\"has-text-align-right\" data-align=\"right\">$ 350<\/td><\/tr><tr><td class=\"has-text-align-left\" data-align=\"left\">Alunos*<\/td><td class=\"has-text-align-right\" data-align=\"right\">$ 50<\/td><td class=\"has-text-align-right\" data-align=\"right\">$ 60<\/td><td class=\"has-text-align-right\" data-align=\"right\">$70<\/td><\/tr><tr><td class=\"has-text-align-left\" data-align=\"left\">Membros da ASC da Am\u00e9rica Latina ou de pa\u00edses de baixo rendimento<\/td><td class=\"has-text-align-right\" data-align=\"right\">$ 150<\/td><td class=\"has-text-align-right\" data-align=\"right\">$ 175<\/td><td class=\"has-text-align-right\" data-align=\"right\">$ 200<\/td><\/tr><tr><td class=\"has-text-align-left\" data-align=\"left\">P\u00fablico geral da Am\u00e9rica Latina ou de pa\u00edses de baixo rendimento**<\/td><td class=\"has-text-align-right\" data-align=\"right\">$ 200<\/td><td class=\"has-text-align-right\" data-align=\"right\">$ 225<\/td><td class=\"has-text-align-right\" data-align=\"right\">$ 250<\/td><\/tr><tr><td class=\"has-text-align-left\" data-align=\"left\">Estudantes da Am\u00e9rica Latina ou de pa\u00edses de baixo rendimento**<\/td><td class=\"has-text-align-right\" data-align=\"right\">$ 30<\/td><td class=\"has-text-align-right\" data-align=\"right\">$40<\/td><td class=\"has-text-align-right\" data-align=\"right\">$ 50<\/td><\/tr><\/tbody><\/table><\/figure>\n\n\n\n<p><\/p>\n\n\n\n<div class=\"wp-block-buttons is-layout-flex wp-block-buttons-is-layout-flex\">\n<div class=\"wp-block-button has-custom-width wp-block-button__width-100 is-style-fill\"><a class=\"wp-block-button__link has-white-color has-black-background-color has-text-color has-background has-link-color wp-element-button\" href=\"https:\/\/events.asc-cybernetics.org\/2026\/pt\/ingressos\" style=\"border-top-left-radius:0px;border-top-right-radius:0px;border-bottom-left-radius:0px;border-bottom-right-radius:0px\">Inscri\u00e7\u00e3o na Confer\u00eancia<\/a><\/div>\n<\/div>\n\n\n\n<p><\/p>\n","protected":false},"excerpt":{"rendered":"<p>Teremos o maior prazer em receb\u00ea-lo(a) como membro da Sociedade Americana de Cibern\u00e9tica (ASC). Visite a p\u00e1gina da ASC para&nbsp;se associar&nbsp;antes da confer\u00eancia.&nbsp; Se n\u00e3o for membro, receber\u00e1 uma assinatura de um ano ap\u00f3s a inscri\u00e7\u00e3o na confer\u00eancia. Pessoas em circunst\u00e2ncias especiais podem solicitar taxas reduzidas mediante apresenta\u00e7\u00e3o de uma declara\u00e7\u00e3o que justifique o seu [&hellip;]<\/p>\n","protected":false},"author":4,"featured_media":0,"parent":0,"menu_order":0,"comment_status":"closed","ping_status":"closed","template":"","meta":{"iawp_total_views":7,"footnotes":""},"class_list":["post-482","page","type-page","status-publish","hentry"],"_links":{"self":[{"href":"https:\/\/events.asc-cybernetics.org\/2026\/wp-json\/wp\/v2\/pages\/482","targetHints":{"allow":["GET"]}}],"collection":[{"href":"https:\/\/events.asc-cybernetics.org\/2026\/wp-json\/wp\/v2\/pages"}],"about":[{"href":"https:\/\/events.asc-cybernetics.org\/2026\/wp-json\/wp\/v2\/types\/page"}],"author":[{"embeddable":true,"href":"https:\/\/events.asc-cybernetics.org\/2026\/wp-json\/wp\/v2\/users\/4"}],"replies":[{"embeddable":true,"href":"https:\/\/events.asc-cybernetics.org\/2026\/wp-json\/wp\/v2\/comments?post=482"}],"version-history":[{"count":8,"href":"https:\/\/events.asc-cybernetics.org\/2026\/wp-json\/wp\/v2\/pages\/482\/revisions"}],"predecessor-version":[{"id":1067,"href":"https:\/\/events.asc-cybernetics.org\/2026\/wp-json\/wp\/v2\/pages\/482\/revisions\/1067"}],"wp:attachment":[{"href":"https:\/\/events.asc-cybernetics.org\/2026\/wp-json\/wp\/v2\/media?parent=482"}],"curies":[{"name":"wp","href":"https:\/\/api.w.org\/{rel}","templated":true}]}}