{"id":485,"date":"2026-01-27T09:47:16","date_gmt":"2026-01-27T14:47:16","guid":{"rendered":"https:\/\/events.asc-cybernetics.org\/2026\/?page_id=485"},"modified":"2026-01-29T16:25:42","modified_gmt":"2026-01-29T21:25:42","slug":"ouro-preto-2","status":"publish","type":"page","link":"https:\/\/events.asc-cybernetics.org\/2026\/pt\/ouro-preto-2\/","title":{"rendered":"Ouro Preto"},"content":{"rendered":"\n<p>Fundada no final do s\u00e9culo XVII, <a href=\"https:\/\/en.wikipedia.org\/wiki\/Ouro_Preto\">Ouro Preto<\/a> surgiu como o epicentro da corrida do ouro no Brasil e como o cora\u00e7\u00e3o da vida econ\u00f4mica, pol\u00edtica e cultural do pa\u00eds durante o s\u00e9culo XVIII. Ent\u00e3o conhecida como Vila Rica, a cidade atraiu milhares de pessoas de diferentes regi\u00f5es e desempenhou um papel decisivo na forma\u00e7\u00e3o do Brasil colonial.<\/p>\n\n\n\n<p>Sua arquitetura constitui um dos mais not\u00e1veis conjuntos do Barroco brasileiro, caracterizado pela integra\u00e7\u00e3o harmoniosa entre as edifica\u00e7\u00f5es e a topografia acidentada. Igrejas como S\u00e3o Francisco de Assis e Nossa Senhora do Carmo exibem elaborados trabalhos em pedra, talha dourada e programas art\u00edsticos refinados, muitos deles associados \u00e0 obra de Aleijadinho e de seus contempor\u00e2neos. As constru\u00e7\u00f5es residenciais, com fachadas caiadas, balc\u00f5es de madeira e telhados de telha cer\u00e2mica, alinham-se ao longo de ruas estreitas e sinuosas, contribuindo para a preserva\u00e7\u00e3o do tra\u00e7ado urbano colonial original.<\/p>\n\n\n\n<p>Inserida nas paisagens montanhosas de Minas Gerais, Ouro Preto \u00e9 cercada por morros, vales e remanescentes da Mata Atl\u00e2ntica, criando contrastes visuais marcantes entre a arquitetura e a natureza. A cenografia dram\u00e1tica da cidade, moldada por encostas \u00edngremes e mirantes panor\u00e2micos, refor\u00e7a seu car\u00e1ter singular e sua autenticidade hist\u00f3rica. Com o decl\u00ednio das atividades mineradoras no s\u00e9culo XIX, a influ\u00eancia de Ouro Preto diminuiu, mas esse mesmo processo contribuiu para a preserva\u00e7\u00e3o de seu patrim\u00f4nio arquitet\u00f4nico e natural. Hoje, reconhecida como <a href=\"https:\/\/whc.unesco.org\/en\/list\/124\/\">Patrim\u00f4nio Mundial da UNESCO<\/a>, Ouro Preto se apresenta como um testemunho vivo da estreita rela\u00e7\u00e3o entre arte, paisagem e hist\u00f3ria no Brasil.<\/p>\n\n\n\n<figure class=\"wp-block-image size-full wp-duotone-unset-1\"><img loading=\"lazy\" decoding=\"async\" width=\"960\" height=\"735\" src=\"https:\/\/events.asc-cybernetics.org\/2026\/wp-content\/uploads\/2025\/12\/Por_do_sol_em_Ouro_Preto.jpg\" alt=\"\" class=\"wp-image-275\" srcset=\"https:\/\/events.asc-cybernetics.org\/2026\/wp-content\/uploads\/2025\/12\/Por_do_sol_em_Ouro_Preto.jpg 960w, https:\/\/events.asc-cybernetics.org\/2026\/wp-content\/uploads\/2025\/12\/Por_do_sol_em_Ouro_Preto-300x230.jpg 300w, https:\/\/events.asc-cybernetics.org\/2026\/wp-content\/uploads\/2025\/12\/Por_do_sol_em_Ouro_Preto-768x588.jpg 768w\" sizes=\"auto, (max-width: 960px) 100vw, 960px\" \/><\/figure>\n","protected":false},"excerpt":{"rendered":"<p>Fundada no final do s\u00e9culo XVII, Ouro Preto surgiu como o epicentro da corrida do ouro no Brasil e como o cora\u00e7\u00e3o da vida econ\u00f4mica, pol\u00edtica e cultural do pa\u00eds durante o s\u00e9culo XVIII. Ent\u00e3o conhecida como Vila Rica, a cidade atraiu milhares de pessoas de diferentes regi\u00f5es e desempenhou um papel decisivo na forma\u00e7\u00e3o [&hellip;]<\/p>\n","protected":false},"author":4,"featured_media":0,"parent":0,"menu_order":0,"comment_status":"closed","ping_status":"closed","template":"","meta":{"footnotes":""},"class_list":["post-485","page","type-page","status-publish","hentry"],"_links":{"self":[{"href":"https:\/\/events.asc-cybernetics.org\/2026\/wp-json\/wp\/v2\/pages\/485","targetHints":{"allow":["GET"]}}],"collection":[{"href":"https:\/\/events.asc-cybernetics.org\/2026\/wp-json\/wp\/v2\/pages"}],"about":[{"href":"https:\/\/events.asc-cybernetics.org\/2026\/wp-json\/wp\/v2\/types\/page"}],"author":[{"embeddable":true,"href":"https:\/\/events.asc-cybernetics.org\/2026\/wp-json\/wp\/v2\/users\/4"}],"replies":[{"embeddable":true,"href":"https:\/\/events.asc-cybernetics.org\/2026\/wp-json\/wp\/v2\/comments?post=485"}],"version-history":[{"count":2,"href":"https:\/\/events.asc-cybernetics.org\/2026\/wp-json\/wp\/v2\/pages\/485\/revisions"}],"predecessor-version":[{"id":488,"href":"https:\/\/events.asc-cybernetics.org\/2026\/wp-json\/wp\/v2\/pages\/485\/revisions\/488"}],"wp:attachment":[{"href":"https:\/\/events.asc-cybernetics.org\/2026\/wp-json\/wp\/v2\/media?parent=485"}],"curies":[{"name":"wp","href":"https:\/\/api.w.org\/{rel}","templated":true}]}}