{"id":490,"date":"2026-01-27T09:50:55","date_gmt":"2026-01-27T14:50:55","guid":{"rendered":"https:\/\/events.asc-cybernetics.org\/2026\/?page_id=490"},"modified":"2026-04-17T16:39:02","modified_gmt":"2026-04-17T20:39:02","slug":"alojamento","status":"publish","type":"page","link":"https:\/\/events.asc-cybernetics.org\/2026\/pt\/alojamento\/","title":{"rendered":"Alojamento"},"content":{"rendered":"\n<p><strong>Alojamento em Ouro Preto<\/strong><\/p>\n\n\n\n<p>Ouro Preto oferece uma ampla variedade de excelentes pousadas e hot\u00e9is. No entanto, \u00e9 importante ter em mente que a cidade \u00e9 constru\u00edda em colinas \u00edngremes, o que pode representar um desafio para participantes com mobilidade reduzida. Por esse motivo, organizamos nossas recomenda\u00e7\u00f5es por proximidade aos locais do evento.<\/p>\n\n\n\n<hr class=\"wp-block-separator has-alpha-channel-opacity\"\/>\n\n\n\n<p><strong>Permanecer perto dos locais dos eventos<\/strong><\/p>\n\n\n\n<p>As seguintes op\u00e7\u00f5es de hospedagem est\u00e3o localizadas a uma curta dist\u00e2ncia dos principais locais do evento:<\/p>\n\n\n\n<ul class=\"wp-block-list\">\n<li><strong>Teatro Hotel<\/strong>\u00a0\u2014\u00a0<a href=\"https:\/\/www.booking.com\/Share-oKVQI1C\">Reserve via Booking.com<\/a><\/li>\n\n\n\n<li><strong>Pousada Cl\u00e1ssica<\/strong>\u00a0\u2014\u00a0<a href=\"https:\/\/www.booking.com\/Share-OWxr5HE\" target=\"_blank\" rel=\"noreferrer noopener\">Reserve via Booking.com<\/a><\/li>\n\n\n\n<li><strong>Hotel Colonial<\/strong>\u00a0\u2014\u00a0<a href=\"https:\/\/www.booking.com\/Share-V9ivvn1\" target=\"_blank\" rel=\"noreferrer noopener\">Reserve pelo Booking.com<\/a><\/li>\n<\/ul>\n\n\n\n<hr class=\"wp-block-separator has-alpha-channel-opacity\"\/>\n\n\n\n<p><strong>Hotel para eventos<\/strong><\/p>\n\n\n\n<p>Duas atividades da confer\u00eancia ser\u00e3o realizadas no Grande Hotel de Ouro Preto. Os quartos ainda n\u00e3o est\u00e3o dispon\u00edveis para reserva, mas recomendamos que volte a consultar em breve.<\/p>\n\n\n\n<ul class=\"wp-block-list\">\n<li><strong>Grande Hotel de Ouro Preto<\/strong>\u00a0\u2014\u00a0<a href=\"http:\/\/grandehotelouropreto.com.br\" target=\"_blank\" rel=\"noreferrer noopener\">grandehotelouropreto.com.br<\/a><\/li>\n<\/ul>\n\n\n\n<hr class=\"wp-block-separator has-alpha-channel-opacity\"\/>\n\n\n\n<p><strong>Op\u00e7\u00f5es de conforto premium<\/strong><\/p>\n\n\n\n<p>Para participantes que buscam conforto e comodidades adicionais:<\/p>\n\n\n\n<ul class=\"wp-block-list\">\n<li><strong>Hotel Solar do Ros\u00e1rio<\/strong>&nbsp;\u2014&nbsp;<a href=\"https:\/\/translate.google.com\/website?sl=auto&amp;tl=pt&amp;hl=en&amp;client=webapp&amp;u=https:\/\/hotelsolardorosario.com\/\">hotelsolardorosario.com<\/a> <img decoding=\"async\" draggable=\"false\" role=\"img\" class=\"emoji\" alt=\"\ud83c\udff7\ufe0f\" src=\"https:\/\/s.w.org\/images\/core\/emoji\/17.0.2\/svg\/1f3f7.svg\"><strong>10% de desconto para participantes do evento ASC<\/strong>&nbsp;\u2014 Para obter o desconto, as reservas devem ser feitas diretamente por e-mail:&nbsp;<a href=\"mailto:reservas@hotelsolardorosario.com.br?_x_tr_sl=auto&amp;_x_tr_tl=pt&amp;_x_tr_hl=en&amp;_x_tr_pto=wapp\">reservas@hotelsolardorosario.com.br<\/a><\/li>\n<\/ul>\n","protected":false},"excerpt":{"rendered":"<p>Alojamento em Ouro Preto Ouro Preto oferece uma ampla variedade de excelentes pousadas e hot\u00e9is. No entanto, \u00e9 importante ter em mente que a cidade \u00e9 constru\u00edda em colinas \u00edngremes, o que pode representar um desafio para participantes com mobilidade reduzida. Por esse motivo, organizamos nossas recomenda\u00e7\u00f5es por proximidade aos locais do evento. Permanecer perto [&hellip;]<\/p>\n","protected":false},"author":4,"featured_media":0,"parent":0,"menu_order":5,"comment_status":"closed","ping_status":"closed","template":"","meta":{"iawp_total_views":0,"footnotes":""},"class_list":["post-490","page","type-page","status-publish","hentry"],"_links":{"self":[{"href":"https:\/\/events.asc-cybernetics.org\/2026\/wp-json\/wp\/v2\/pages\/490","targetHints":{"allow":["GET"]}}],"collection":[{"href":"https:\/\/events.asc-cybernetics.org\/2026\/wp-json\/wp\/v2\/pages"}],"about":[{"href":"https:\/\/events.asc-cybernetics.org\/2026\/wp-json\/wp\/v2\/types\/page"}],"author":[{"embeddable":true,"href":"https:\/\/events.asc-cybernetics.org\/2026\/wp-json\/wp\/v2\/users\/4"}],"replies":[{"embeddable":true,"href":"https:\/\/events.asc-cybernetics.org\/2026\/wp-json\/wp\/v2\/comments?post=490"}],"version-history":[{"count":2,"href":"https:\/\/events.asc-cybernetics.org\/2026\/wp-json\/wp\/v2\/pages\/490\/revisions"}],"predecessor-version":[{"id":875,"href":"https:\/\/events.asc-cybernetics.org\/2026\/wp-json\/wp\/v2\/pages\/490\/revisions\/875"}],"wp:attachment":[{"href":"https:\/\/events.asc-cybernetics.org\/2026\/wp-json\/wp\/v2\/media?parent=490"}],"curies":[{"name":"wp","href":"https:\/\/api.w.org\/{rel}","templated":true}]}}