{"id":496,"date":"2026-01-27T09:53:44","date_gmt":"2026-01-27T14:53:44","guid":{"rendered":"https:\/\/events.asc-cybernetics.org\/2026\/?page_id=496"},"modified":"2026-01-27T09:54:38","modified_gmt":"2026-01-27T14:54:38","slug":"chegando-la","status":"publish","type":"page","link":"https:\/\/events.asc-cybernetics.org\/2026\/pt\/chegando-la\/","title":{"rendered":"Chegando L\u00e1"},"content":{"rendered":"\n<p>Para chegar a <strong>Ouro Preto<\/strong>, voe at\u00e9 o <strong>Aeroporto Internacional de Confins (CNF)<\/strong> \u2014 um aeroporto internacional com conex\u00f5es para importantes hubs como <strong>Lisboa<\/strong>, <strong>Cidade do Panam\u00e1<\/strong> e <strong>Orlando<\/strong>. A partir de l\u00e1, \u00e9 poss\u00edvel seguir at\u00e9 Ouro Preto em uma viagem c\u00eanica, seja por <strong>transfer privativo<\/strong>, que leva cerca de <strong>1h30 a 2h<\/strong> e custa em torno de <strong>US$ 60\u201390<\/strong>, seja de <strong>\u00f4nibus<\/strong>, a partir do terminal rodovi\u00e1rio principal de <strong>Belo Horizonte<\/strong>, com sa\u00eddas frequentes e valores aproximados de <strong>US$ 10\u201312<\/strong>. As ruas sinuosas e as colinas barrocas de Ouro Preto recompensam cada viajante com <strong>vistas deslumbrantes<\/strong>, <strong>pousadas acolhedoras<\/strong> e uma <strong>atmosfera convidativa<\/strong>.<br><\/p>\n\n\n\n<div class=\"wp-block-superb-addons-google-maps\"><div class=\"superbaddons-google-maps-block\" style=\"border-radius:0%;height:300px\"><iframe loading=\"lazy\" width=\"100%\" height=\"300px\" frameborder=\"0\" margin=\"0\" padding=\"0\" referrerpolicy=\"no-referrer-when-downgrade\" src=\"https:\/\/maps.google.com\/maps?width=100%&amp;height=100%&amp;q=Ouro Preto, Minas Gerais&amp;t=&amp;z=8&amp;hl=en&amp;ie=UTF8&amp;iwloc=B&amp;output=embed\"><\/iframe><\/div><\/div>\n\n\n\n<div style=\"height:30px\" aria-hidden=\"true\" class=\"wp-block-spacer\"><\/div>\n\n\n\n<hr class=\"wp-block-separator has-alpha-channel-opacity\"\/>\n\n\n\n<h2 class=\"wp-block-heading\">Informa\u00e7\u00e3o Importante<\/h2>\n\n\n\n<p>O Brasil adota o <strong>princ\u00edpio da reciprocidade<\/strong> em suas regras de visto. Portanto, lembramos aos participantes que <a href=\"https:\/\/www.gov.br\/pt-br\/servicos\/obter-visto-para-viajar-ao-brasil\">verifiquem se \u00e9 necess\u00e1rio solicitar visto para entrada no pa\u00eds<\/a>.<\/p>\n","protected":false},"excerpt":{"rendered":"<p>Para chegar a Ouro Preto, voe at\u00e9 o Aeroporto Internacional de Confins (CNF) \u2014 um aeroporto internacional com conex\u00f5es para importantes hubs como Lisboa, Cidade do Panam\u00e1 e Orlando. A partir de l\u00e1, \u00e9 poss\u00edvel seguir at\u00e9 Ouro Preto em uma viagem c\u00eanica, seja por transfer privativo, que leva cerca de 1h30 a 2h e [&hellip;]<\/p>\n","protected":false},"author":4,"featured_media":0,"parent":0,"menu_order":0,"comment_status":"closed","ping_status":"closed","template":"","meta":{"footnotes":""},"class_list":["post-496","page","type-page","status-publish","hentry"],"_links":{"self":[{"href":"https:\/\/events.asc-cybernetics.org\/2026\/wp-json\/wp\/v2\/pages\/496","targetHints":{"allow":["GET"]}}],"collection":[{"href":"https:\/\/events.asc-cybernetics.org\/2026\/wp-json\/wp\/v2\/pages"}],"about":[{"href":"https:\/\/events.asc-cybernetics.org\/2026\/wp-json\/wp\/v2\/types\/page"}],"author":[{"embeddable":true,"href":"https:\/\/events.asc-cybernetics.org\/2026\/wp-json\/wp\/v2\/users\/4"}],"replies":[{"embeddable":true,"href":"https:\/\/events.asc-cybernetics.org\/2026\/wp-json\/wp\/v2\/comments?post=496"}],"version-history":[{"count":2,"href":"https:\/\/events.asc-cybernetics.org\/2026\/wp-json\/wp\/v2\/pages\/496\/revisions"}],"predecessor-version":[{"id":499,"href":"https:\/\/events.asc-cybernetics.org\/2026\/wp-json\/wp\/v2\/pages\/496\/revisions\/499"}],"wp:attachment":[{"href":"https:\/\/events.asc-cybernetics.org\/2026\/wp-json\/wp\/v2\/media?parent=496"}],"curies":[{"name":"wp","href":"https:\/\/api.w.org\/{rel}","templated":true}]}}