{"id":515,"date":"2026-02-05T16:47:37","date_gmt":"2026-02-05T21:47:37","guid":{"rendered":"https:\/\/events.asc-cybernetics.org\/2026\/?page_id=515"},"modified":"2026-02-06T14:03:03","modified_gmt":"2026-02-06T19:03:03","slug":"chamada-para-participacao-2","status":"publish","type":"page","link":"https:\/\/events.asc-cybernetics.org\/2026\/pt\/chamada-para-participacao-2\/","title":{"rendered":"Chamada para Participa\u00e7\u00e3o"},"content":{"rendered":"\n<h2 class=\"wp-block-heading\">ASC Brasil 2026: Conflu\u00eancias Conversacionais<\/h2>\n\n\n\n<p><strong>Ouro Preto, Brasil | Agosto 3\u20137, 2026<\/strong><\/p>\n\n\n\n<p>A ASC Brasil 2026 \u00e9 concebida como uma conversa que come\u00e7a antes de nos encontrarmos, se aprofunda durante o tempo que passamos juntos em Ouro Preto e continua a se desdobrar posteriormente. A chamada para participa\u00e7\u00e3o inaugura esse processo: um convite para integrar uma investiga\u00e7\u00e3o compartilhada, na qual as contribui\u00e7\u00f5es se desenvolvem por meio do di\u00e1logo, em vez de chegarem totalmente prontas.<\/p>\n\n\n\n<p>No esp\u00edrito da cibern\u00e9tica como conversa\u00e7\u00e3o, o processo de avalia\u00e7\u00e3o \u00e9 compreendido como apoio, e n\u00e3o como controle ou filtragem. Os proponentes de trilhas ir\u00e3o dialogar com os resumos submetidos n\u00e3o para julgar, mas para ajudar a fortalecer os argumentos, esclarecer conex\u00f5es e preparar o terreno para trocas significativas. Espera-se que os autores se engajem de forma atenta e reflexiva nesse di\u00e1logo. O que emergir na confer\u00eancia \u2014 e nas publica\u00e7\u00f5es que se seguem \u2014 ser\u00e1 moldado pelos encontros e resson\u00e2ncias que surgem quando perspectivas diversas se encontram.<\/p>\n\n\n\n<hr class=\"wp-block-separator has-alpha-channel-opacity\"\/>\n\n\n\n<h2 class=\"wp-block-heading\">Como Participar<\/h2>\n\n\n\n<h3 class=\"wp-block-heading\">Diretrizes para Submiss\u00e3o<\/h3>\n\n\n\n<p>Os participantes s\u00e3o convidados a submeter <strong>resumos expandidos<\/strong> de aproximadamente <strong>500 palavras<\/strong>, indicando:<\/p>\n\n\n\n<ol class=\"wp-block-list\">\n<li>A <a href=\"https:\/\/events.asc-cybernetics.org\/2026\/pt\/sessoes-da-conferencia\/\" data-type=\"page\" data-id=\"518\">sess\u00e3o<\/a> da qual deseja participar<\/li>\n\n\n\n<li>O O formato da contribui\u00e7\u00e3o (artigo ou outro formato de apresenta\u00e7\u00e3o, conforme apropriado \u00e0 sess\u00e3o escolhida)<\/li>\n\n\n\n<li>De que forma a contribui\u00e7\u00e3o se relaciona com as quest\u00f5es da sess\u00e3o e com o tema da confer\u00eancia<\/li>\n<\/ol>\n\n\n\n<p>Cada sess\u00e3o possui autonomia sobre como ideias e trabalhos ser\u00e3o compartilhados \u2014 seja por meio de apresenta\u00e7\u00f5es, oficinas, performances, di\u00e1logos ou outros formatos. Recomendamos consultar atentamente as descri\u00e7\u00f5es das sess\u00f5es acima para compreender como a participa\u00e7\u00e3o se dar\u00e1 na sess\u00e3o escolhida. Todas as submiss\u00f5es devem ser feitas em ingl\u00eas.<\/p>\n\n\n\n<h3 class=\"wp-block-heading\">Per\u00edodo de Submiss\u00e3o<\/h3>\n\n\n\n<p><strong>22 de dezembro de 2025 \u2013 23 de fevereiro de 2026<\/strong><\/p>\n\n\n\n<p>Envie seu resumo estendido por meio do sistema de submiss\u00e3o da confer\u00eancia, indicando a sess\u00e3o escolhida.<\/p>\n\n\n\n<hr class=\"wp-block-separator has-alpha-channel-opacity\"\/>\n\n\n\n<h2 class=\"wp-block-heading\">Review Process<\/h2>\n\n\n\n<h3 class=\"wp-block-heading\">Avalia\u00e7\u00e3o como Conversa\u00e7\u00e3o<\/h3>\n\n\n\n<p>A ASC Brazil 2026 segue um processo que a ASC utiliza h\u00e1 muito tempo \u2014 um processo que entende a avalia\u00e7\u00e3o como conversa\u00e7\u00e3o, e n\u00e3o como filtragem, e as contribui\u00e7\u00f5es como documentos vivos que se desenvolvem por meio do engajamento.<\/p>\n\n\n\n<p><strong>23 de fevereiro \u2013 20 de mar\u00e7o de 2026<\/strong><br>Os proponentes das sess\u00f5es avaliam os resumos submetidos. Esta etapa \u00e9 compreendida como o in\u00edcio de uma conversa: o feedback \u00e9 construtivo e orientado ao desenvolvimento, e n\u00e3o ao julgamento. Os autores n\u00e3o s\u00e3o obrigados a seguir todos os coment\u00e1rios, mas espera-se que se engajem de forma reflexiva com o di\u00e1logo iniciado pela avalia\u00e7\u00e3o.<\/p>\n\n\n\n<p><strong>23 de mar\u00e7o de 2026<\/strong><br>Os autores recebem o feedback e revisam seus resumos em di\u00e1logo com os proponentes das trilhas. Todos os resumos ser\u00e3o disponibilizados online.<\/p>\n\n\n\n<p><strong>3\u20137 de agosto de 2026 | Confer\u00eancia em Ouro Preto<\/strong><br>Os participantes apresentam, escutam, respondem e integram os insights que emergem das discuss\u00f5es e atividades compartilhadas. As trilhas ocorrem durante as sess\u00f5es da tarde. Todas as manh\u00e3s, a confer\u00eancia se re\u00fane em sess\u00f5es coletivas, permitindo que ideias de diferentes trilhas se encontrem, se misturem e ressoem.<\/p>\n\n\n\n<p><strong>Ap\u00f3s a Confer\u00eancia<\/strong><br>Os autores desenvolvem ainda mais suas contribui\u00e7\u00f5es, informados pelas conversas ocorridas durante a confer\u00eancia. Os proponentes das trilhas coordenam a publica\u00e7\u00e3o em ve\u00edculos de sua escolha \u2014 seja peri\u00f3dico, anais, livro organizado, zine ou outro formato.<\/p>\n\n\n\n<hr class=\"wp-block-separator has-alpha-channel-opacity\"\/>\n\n\n\n<h2 class=\"wp-block-heading\">Formato da Confer\u00eancia<\/h2>\n\n\n\n<h3 class=\"wp-block-heading\">Manh\u00e3s: Sess\u00f5es Compartilhadas<\/h3>\n\n\n\n<p>Todas as manh\u00e3s re\u00fanem o conjunto dos participantes em conversas plen\u00e1rias, permitindo que ideias provenientes das diferentes trilhas se encontrem. Os proponentes das trilhas compartilhar\u00e3o reflex\u00f5es oriundas de suas conversas, conectando as trilhas individuais ao encontro mais amplo.<\/p>\n\n\n\n<h3 class=\"wp-block-heading\">Tardes: Sess\u00f5es das Sess\u00f5es<\/h3>\n\n\n\n<p>As sess\u00f5es acontecem ao longo de uma ou duas tardes, conforme a programa\u00e7\u00e3o. No \u00e2mbito de cada trilha, os participantes se engajam nos formatos definidos por seus proponentes \u2014 apresenta\u00e7\u00f5es, oficinas, performances, instala\u00e7\u00f5es, di\u00e1logos e outros modos de troca.<\/p>\n\n\n\n<hr class=\"wp-block-separator has-alpha-channel-opacity\"\/>\n\n\n\n<h2 class=\"wp-block-heading\">Datas Importantes<\/h2>\n\n\n\n<figure class=\"wp-block-table is-style-stripes\"><table class=\"has-fixed-layout\"><thead><tr><th>Milestone<\/th><th>Date<\/th><\/tr><\/thead><tbody><tr><td>Abertura da chamada para participa\u00e7\u00e3o<\/td><td>22 de dezembro de 2025<\/td><\/tr><tr><td>Prazo para submiss\u00e3o<\/td><td>23 de fevereiro de 2026<\/td><\/tr><tr><td>Per\u00edodo de avalia\u00e7\u00e3o<\/td><td>23 de fevereiro \u2013 20 de mar\u00e7o de 2026<\/td><\/tr><tr><td>Retorno aos autores<\/td><td>23 de mar\u00e7o de 2026<\/td><\/tr><tr><td>Confer\u00eancia<\/td><td>3\u20137 de agosto de 2026<\/td><\/tr><\/tbody><\/table><\/figure>\n\n\n\n<hr class=\"wp-block-separator has-alpha-channel-opacity\"\/>\n\n\n\n<h2 class=\"wp-block-heading\">Local<\/h2>\n\n\n\n<p><strong>Ouro Preto, Minas Gerais, Brasil<\/strong><\/p>\n\n\n\n<p>Patrim\u00f4nio Mundial da UNESCO, Ouro Preto \u00e9 uma cidade onde convergem a arquitetura colonial, a hist\u00f3ria da minera\u00e7\u00e3o e as paisagens montanhosas. Suas ruas sinuosas e igrejas barrocas oferecem um cen\u00e1rio adequado para uma confer\u00eancia sobre conflu\u00eancia \u2014 na qual passado e presente, tradi\u00e7\u00e3o e transforma\u00e7\u00e3o, se encontram em uma conversa\u00e7\u00e3o cont\u00ednua.<\/p>\n\n\n\n<p>Mais detalhes sobre os locais, op\u00e7\u00f5es de hospedagem e informa\u00e7\u00f5es de viagem ser\u00e3o disponibilizados nos pr\u00f3ximos meses.<\/p>\n","protected":false},"excerpt":{"rendered":"<p>ASC Brasil 2026: Conflu\u00eancias Conversacionais Ouro Preto, Brasil | Agosto 3\u20137, 2026 A ASC Brasil 2026 \u00e9 concebida como uma conversa que come\u00e7a antes de nos encontrarmos, se aprofunda durante o tempo que passamos juntos em Ouro Preto e continua a se desdobrar posteriormente. A chamada para participa\u00e7\u00e3o inaugura esse processo: um convite para integrar [&hellip;]<\/p>\n","protected":false},"author":4,"featured_media":0,"parent":0,"menu_order":0,"comment_status":"closed","ping_status":"closed","template":"","meta":{"footnotes":""},"class_list":["post-515","page","type-page","status-publish","hentry"],"_links":{"self":[{"href":"https:\/\/events.asc-cybernetics.org\/2026\/wp-json\/wp\/v2\/pages\/515","targetHints":{"allow":["GET"]}}],"collection":[{"href":"https:\/\/events.asc-cybernetics.org\/2026\/wp-json\/wp\/v2\/pages"}],"about":[{"href":"https:\/\/events.asc-cybernetics.org\/2026\/wp-json\/wp\/v2\/types\/page"}],"author":[{"embeddable":true,"href":"https:\/\/events.asc-cybernetics.org\/2026\/wp-json\/wp\/v2\/users\/4"}],"replies":[{"embeddable":true,"href":"https:\/\/events.asc-cybernetics.org\/2026\/wp-json\/wp\/v2\/comments?post=515"}],"version-history":[{"count":5,"href":"https:\/\/events.asc-cybernetics.org\/2026\/wp-json\/wp\/v2\/pages\/515\/revisions"}],"predecessor-version":[{"id":559,"href":"https:\/\/events.asc-cybernetics.org\/2026\/wp-json\/wp\/v2\/pages\/515\/revisions\/559"}],"wp:attachment":[{"href":"https:\/\/events.asc-cybernetics.org\/2026\/wp-json\/wp\/v2\/media?parent=515"}],"curies":[{"name":"wp","href":"https:\/\/api.w.org\/{rel}","templated":true}]}}