{"id":872,"date":"2026-04-17T16:27:49","date_gmt":"2026-04-17T20:27:49","guid":{"rendered":"https:\/\/events.asc-cybernetics.org\/2026\/?page_id=872"},"modified":"2026-04-19T20:10:33","modified_gmt":"2026-04-20T00:10:33","slug":"conta-de-usuario","status":"publish","type":"page","link":"https:\/\/events.asc-cybernetics.org\/2026\/pt\/conta-de-usuario\/","title":{"rendered":"Conta de usu\u00e1rio"},"content":{"rendered":"\n<p><a href=\"\/2026\/pt\/shop\">Inscri\u00e7\u00e3o na confer\u00eancia (bilhete)<\/a><\/p>\n\n\n<div class=\"wpabstracts container\">\n\t<div id=\"loginbox\" style=\"margin-top:50px;\" class=\"mainbox col-md-6 col-md-offset-3 col-sm-8 col-sm-offset-2\">\n\t\t<div style=\"padding: 10px 0;\">\n\t\t\tPlease sign in for your conference participation\t\t<\/div>\n\t\t<div class=\"wpabstracts panel panel-default\">\n\t\t\t<div class=\"wpabstracts panel-heading\">\n\t\t\t\t<div class=\"wpabstracts panel-title\">\n\t\t\t\t\tSign In\t\t\t\t<\/div>\n\t\t\t\t<div style=\"float:right; font-size: 80%; position: relative; top:-18px\">Forgot Password <a href=https:\/\/events.asc-cybernetics.org\/2026\/pt\/conta-de-usuario\/?task=lostpassword>Reset<\/a><\/div>\n\t\t\t<\/div>\n\n\t\t\t<div style=\"padding-top:30px\" class=\"wpabstracts panel-body\">\n\n\t\t\t\t<div style=\"display:none\" id=\"wpabstracts-alert\" class=\"wpabstracts alert alert-danger col-sm-12\"><\/div>\n\n\t\t\t\t<form id=\"loginform\" class=\"wpabstracts form-horizontal\" role=\"form\">\n\n\t\t\t\t\t<div style=\"margin-bottom: 25px\" class=\"wpabstracts input-group\">\n\t\t\t\t\t\t<span class=\"input-group-addon\"><i class=\"glyphicon glyphicon-user\"><\/i><\/span>\n\t\t\t\t\t\t<input id=\"wpabstracts-username\" type=\"text\" class=\"wpabstracts form-control\" name=\"username\" value=\"\" placeholder=\"Username or email\">\n\t\t\t\t\t<\/div>\n\n\t\t\t\t\t<div style=\"margin-bottom: 25px\" class=\"wpabstracts input-group\">\n\t\t\t\t\t\t<span class=\"input-group-addon\"><i class=\"glyphicon glyphicon-lock\"><\/i><\/span>\n\t\t\t\t\t\t<input id=\"wpabstracts-password\" type=\"password\" class=\"wpabstracts form-control\" name=\"password\" placeholder=\"Password\">\n\t\t\t\t\t\t<span class=\"input-group-addon password-toggle\" style=\"cursor: pointer;\">\n\t\t\t\t\t\t\t<i class=\"glyphicon glyphicon-eye-open\" id=\"password-icon\"><\/i>\n\t\t\t\t\t\t<\/span>\n\t\t\t\t\t<\/div>\n\n\t\t\t\t\t\t\t\t\t\t\t<div class=\"wpabstracts input-group\">\n\t\t\t\t\t\t\t\t\t\t<input type=\"hidden\" id=\"captcha_hash\" name=\"captcha_hash\" value=\"bff925725fb21a6325e626b60edfa94c\" \/>\n\t\t\t<label for=\"captcha_input\" class=\"wpabstracts control-label\">Enter security code (required)<\/label>\n\t\t\t<div class=\"row\">\n\t\t\t\t<div class=\"col-xs-8\">\n\t\t\t\t\t<div class=\"wpabstracts input-group\">\n\t\t\t\t\t\t<span class=\"input-group-addon\"><i class=\"fas fa-shield-alt\"><\/i><\/span>\n\t\t\t\t\t\t<input class=\"wpabstracts form-control\" type=\"text\" id=\"captcha_input\" name=\"captcha_input\" required>\n\t\t\t\t\t<\/div>\n\t\t\t\t<\/div>\n\t\t\t\t<div class=\"col-xs-4\">\n\t\t\t\t\t<img decoding=\"async\" src=\"data:image\/png;base64,iVBORw0KGgoAAAANSUhEUgAAAFAAAAAeCAIAAAA0IQ7mAAAACXBIWXMAAA7EAAAOxAGVKw4bAAAEzUlEQVRYhe2YS0hqXRTHl\/YisqLEzIyTQi96KPQwKOxBRA8iIowKgugxkSKiQRCFjYKIalCDEMpQZ0EQRY9Bk0gwzWggUQ18E0VaVtapUM\/5BvJJXUwz6yb33t9srbP2Wvt\/9tqbczYBx3H4myD+9AR+N\/8E\/+n8gGCz2Tw7O7u2tvb7S0PggjEMe3h4uLu7s1gsFxcX8\/PzGIa9FyyTyYaGhurr68ViMZH4M80VGuD4hYUFiUQSEREREhISFhY2OjrqRUlMTEx\/f39ZWZlAIGAwGAGW\/iT4K9Rq9fDwcFVV1ePjo8tzeXnZ0dFxfHyM4\/jZ2VlfX19xcbHLdNHT03N6eor7w9bWVl5ens1m82vUV\/FmNTAMq6ysvL6+VqlULs\/Ozo5arT48PASA1NTUmZkZu93ubloURbVabVpaml+v2Gg0xsXFkUikr1gvv3kjmMViVVZWxsTEaDQal0etVkdFRZ2cnAAAkUi8u7sLDw\/PyMhwPVUoFHl5eQCAoujHS+r1eiaT+TXT9x8Pe5jBYBgMBgCw2+0qlaq+vl6pVLoe7e\/vV1RUhIWFuUyZTKZUKrlc7vPzM51OHx0d5XA4PksaDIasrCyfYVardW5uTqVS2Wy2wsLC0tJSg8Egl8vHx8dTUlL8kPgWDwdMcnLy+fk5AOzu7nI4HBaLZTKZHA4HAGxsbDQ3N7sjo6Ojp6en9\/b2tre3KRTK4OCgxWLxWdJgMCAI4j3m5uamo6OjqalpbW1NLBabzeaxsbHHx8fu7u5A1IJHwQkJCRcXFwCwvLzc2NjIZDIdDofJZNJqtc\/PzywWyx05MDBQUFBAJBIpFEp\/f\/\/T09PBwYH3emaz+enpyWdLT01NFRQU5OTkAACCIBMTEwQCgUwmV1RU+C3xLR4E02i0q6urk5OT29tbDoeDIAiBQNDr9UtLSz09Pe8lIpPJAOB0Or3X0+l0AOBzhZVKZVRUlNukUqlJSUmXl5feR30EzyvsdDonJyc7OzsBIDIykkwm7+7umkymkpKS9xK5tn16err3enq9PjQ0NDk52XtYbGysQqFwmxiG3d7eZmdnex\/1ETwIplKpAHB\/f19dXe3yIAiyvr7O5\/Nfh728vLw2V1dXc3NzfQpWq9Xx8fE+P7N4PJ5GoxEIBEajEUXR6elpNpvd2NjoU49PPJzSdDqdyWSOjIy4p5WZmclgMIqKil6HdXV1VVVV1dbWAoBEIlGpVIuLi++V0el0IpHo6OjIdTq0trZyudze3t734tva2ggEglAo3NzcTEpK4vF4AwMDn1P4CwT8sxcAFotFKBTK5XIAYLPZfD7fe6Pa7XbH\/zidThzHKRSKl3ipVLqysiISieLj4z83Q498XvC3Yrfby8vLSSRSe3t7VlYWgiDe387HCVLBALCysjI5ORkdHW21WgGARCKVlZXx+XwajRZQ3h\/5gvfJzMxMS0uLRqPBcdxmsx0fHwuFwuLi4pqamgAzB6NgsVhcUlJyf3\/\/i392djY\/Px9F0UCSB+MVj16vxz1tNK1Wy+VyIyMjA0kejIJ5PB6GYd3d3QqFwvUriqLo\/Py81WoVCAQBJg\/SQ8toNEqlUoVCcX19nZiYSCaT6+rqGhoaAr8YClLB30cwtvS38k\/wn85fJ\/g\/q2lshJw+0osAAAAASUVORK5CYII=\" alt=\"captcha\" \/>\n\t\t\t\t<\/div>\n\t\t\t<\/div>\n\t\t\t\t\t\t\t<\/div>\n\t\t\t\t\t\n\t\t\t\t\t<div style=\"margin-top:10px\" class=\"wpabstracts form-group\">\n\t\t\t\t\t\t<div class=\"col-sm-12 controls\">\n\t\t\t\t\t\t\t<button id=\"wpabstracts-login\" class=\"btn btn-info btn-block\">\n\t\t\t\t\t\t\t\tLogin\t\t\t\t\t\t\t\t<i class=\"fa fa-spinner fa-spin isloading\"><\/i>\n\t\t\t\t\t\t\t<\/button>\n\t\t\t\t\t\t<\/div>\n\t\t\t\t\t<\/div>\n\n\t\t\t\t\t<div class=\"wpabstracts form-group\">\n\t\t\t\t\t\t<div class=\"wpabstracts col-xs-12\">\n\t\t\t\t\t\t\t<input type=\"checkbox\" id=\"wpabstracts-remember\" value=\"forever\">\n\t\t\t\t\t\t\tRemember Me\t\t\t\t\t\t<\/div>\n\t\t\t\t\t<\/div>\n\n\t\t\t\t\t<div class=\"form-group\">\n\t\t\t\t\t\t<div class=\"col-md-12 control\">\n\t\t\t\t\t\t\t<div style=\"border-top: 1px solid #ccc; padding-top:15px; font-size:14px\">\n\t\t\t\t\t\t\t\tDon't have an account?  <a href=https:\/\/events.asc-cybernetics.org\/2026\/pt\/conta-de-usuario\/?task=register>Create an Account<\/a>\t\t\t\t\t\t\t<\/div>\n\t\t\t\t\t\t<\/div>\n\t\t\t\t\t<\/div>\n\t\t\t\t\t<input type=\"hidden\" id=\"wpabstracts_login_nonce\" name=\"wpabstracts_login_nonce\" value=\"805aec87ad\" \/><input type=\"hidden\" name=\"_wp_http_referer\" value=\"\/2026\/wp-json\/wp\/v2\/pages\/872\" \/>\t\t\t\t<\/form>\n\t\t\t<\/div>\n\t\t<\/div>\n\t<\/div>\n<\/div>\n<script type=\"text\/javascript\">\n\tjQuery(document).ready(function() {\n\t\tvar rememberme = localStorage.getItem('wpa_remember');\n\t\tif (rememberme) {\n\t\t\tvar rem = JSON.parse(rememberme);\n\t\t\tjQuery('#wpabstracts-remember').attr('checked', rem.remember);\n\t\t\tif (rem.remember) {\n\t\t\t\tjQuery('#wpabstracts-username').val(rem.username);\n\t\t\t}\n\t\t}\n\n\t\tvar manageLoader = function(show) {\n\t\t\tif (show) {\n\t\t\t\tjQuery('#wpabstracts-login i').removeClass('isloading');\n\t\t\t} else {\n\t\t\t\tjQuery('#wpabstracts-login i').addClass('isloading');\n\t\t\t}\n\t\t};\n\n\t\tjQuery('#wpabstracts-login').on('click', function(e) {\n\t\t\te.preventDefault();\n\t\t\tvar username = jQuery('#wpabstracts-username').val();\n\t\t\tvar password = jQuery('#wpabstracts-password').val();\n\t\t\tvar captcha = jQuery('#captcha_input').val();\n\t\t\tvar hash = jQuery('#captcha_hash').val();\n\t\t\tvar nonce = jQuery('#wpabstracts_login_nonce').val();\n\t\t\tvar remember = jQuery('#wpabstracts-remember').is(':checked');\n\n\t\t\tif (!username || !password) {\n\t\t\t\tjQuery('#wpabstracts-alert').text(wpabstracts.sign_in_msg).show();\n\t\t\t\treturn;\n\t\t\t}\n\n\t\t\tif (hash && !captcha) {\n\t\t\t\tjQuery('#wpabstracts-alert').text(wpabstracts.captcha_required).show();\n\t\t\t\treturn;\n\t\t\t}\n\n\t\t\tvar rememberMe = {\n\t\t\t\t'remember': remember,\n\t\t\t\t'username': username\n\t\t\t};\n\t\t\tlocalStorage.setItem('wpa_remember', JSON.stringify(rememberMe));\n\n\t\t\tmanageLoader(true);\n\n\t\t\tvar ajax_data = {\n\t\t\t\taction: 'wpa_login',\n\t\t\t\tlog: username,\n\t\t\t\tpwd: password,\n\t\t\t\tcaptcha_input: captcha,\n\t\t\t\tcaptcha_hash: hash,\n\t\t\t\trememberme: remember,\n\t\t\t\tnonce\n\t\t\t};\n\n\t\t\tjQuery.ajax({\n\t\t\t\turl: wpabstracts.ajaxurl,\n\t\t\t\ttype: 'POST',\n\t\t\t\tdata: ajax_data,\n\t\t\t\tsuccess: function(data) {\n\t\t\t\t\tif (data.success) {\n\t\t\t\t\t\tjQuery('#wpabstracts-alert')\n\t\t\t\t\t\t\t.removeClass('alert-danger')\n\t\t\t\t\t\t\t.addClass('alert-info')\n\t\t\t\t\t\t\t.text(data.message)\n\t\t\t\t\t\t\t.show();\n\t\t\t\t\t\twindow.location.href = data.redirect;\n\t\t\t\t\t} else {\n\t\t\t\t\t\tjQuery('#wpabstracts-alert').text(data.message).show();\n\t\t\t\t\t\tmanageLoader(false);\n\t\t\t\t\t}\n\t\t\t\t},\n\t\t\t\terror: function(xhr, status) {\n\t\t\t\t\tmanageLoader(false);\n\t\t\t\t\tconsole.log('Login Ajax Error: ', xhr);\n\t\t\t\t}\n\t\t\t});\n\t\t});\n\n\t\t\/\/ Toggle password visibility\n\t\tconst passwordInput = document.getElementById('wpabstracts-password');\n\t\tconst passwordIcon = document.getElementById('password-icon');\n\t\tconst toggle = document.querySelector('.password-toggle');\n\n\t\ttoggle.addEventListener('click', function() {\n\t\t\t\/\/ Toggle password visibility\n\t\t\tif (passwordInput.type === 'password') {\n\t\t\t\tpasswordInput.type = 'text';\n\t\t\t\tpasswordIcon.classList.remove('glyphicon-eye-open');\n\t\t\t\tpasswordIcon.classList.add('glyphicon-eye-close');\n\t\t\t} else {\n\t\t\t\tpasswordInput.type = 'password';\n\t\t\t\tpasswordIcon.classList.remove('glyphicon-eye-close');\n\t\t\t\tpasswordIcon.classList.add('glyphicon-eye-open');\n\t\t\t}\n\t\t});\n\t});\n<\/script>\n","protected":false},"excerpt":{"rendered":"<p>Inscri\u00e7\u00e3o na confer\u00eancia (bilhete)<\/p>\n","protected":false},"author":1,"featured_media":0,"parent":0,"menu_order":0,"comment_status":"closed","ping_status":"closed","template":"","meta":{"iawp_total_views":2,"footnotes":""},"class_list":["post-872","page","type-page","status-publish","hentry"],"_links":{"self":[{"href":"https:\/\/events.asc-cybernetics.org\/2026\/wp-json\/wp\/v2\/pages\/872","targetHints":{"allow":["GET"]}}],"collection":[{"href":"https:\/\/events.asc-cybernetics.org\/2026\/wp-json\/wp\/v2\/pages"}],"about":[{"href":"https:\/\/events.asc-cybernetics.org\/2026\/wp-json\/wp\/v2\/types\/page"}],"author":[{"embeddable":true,"href":"https:\/\/events.asc-cybernetics.org\/2026\/wp-json\/wp\/v2\/users\/1"}],"replies":[{"embeddable":true,"href":"https:\/\/events.asc-cybernetics.org\/2026\/wp-json\/wp\/v2\/comments?post=872"}],"version-history":[{"count":2,"href":"https:\/\/events.asc-cybernetics.org\/2026\/wp-json\/wp\/v2\/pages\/872\/revisions"}],"predecessor-version":[{"id":1044,"href":"https:\/\/events.asc-cybernetics.org\/2026\/wp-json\/wp\/v2\/pages\/872\/revisions\/1044"}],"wp:attachment":[{"href":"https:\/\/events.asc-cybernetics.org\/2026\/wp-json\/wp\/v2\/media?parent=872"}],"curies":[{"name":"wp","href":"https:\/\/api.w.org\/{rel}","templated":true}]}}