{"id":840,"date":"2026-04-17T14:45:45","date_gmt":"2026-04-17T18:45:45","guid":{"rendered":"https:\/\/events.asc-cybernetics.org\/2026\/?post_type=product&#038;p=840"},"modified":"2026-04-19T20:43:23","modified_gmt":"2026-04-20T00:43:23","slug":"publico-geral-pais-de-baixo-rendimento","status":"publish","type":"product","link":"https:\/\/events.asc-cybernetics.org\/2026\/pt\/product\/publico-geral-pais-de-baixo-rendimento\/","title":{"rendered":"P\u00fablico Geral (pa\u00eds de baixo rendimento)"},"content":{"rendered":"","protected":false},"excerpt":{"rendered":"<p>V\u00e1lido para residentes em pa\u00edses classificados como de <a href=\"https:\/\/datahelpdesk.worldbank.org\/knowledgebase\/articles\/906519-world-bank-country-and-lending-groups\">baixo rendimento pelo Banco Mundial<\/a>.<\/p>\n","protected":false},"featured_media":0,"template":"","meta":{"iawp_total_views":0},"product_brand":[],"product_cat":[66],"product_tag":[],"class_list":{"0":"post-840","1":"product","2":"type-product","3":"status-publish","5":"product_cat-inscricao","7":"first","8":"instock","9":"sale","10":"downloadable","11":"virtual","12":"purchasable","13":"product-type-simple"},"_links":{"self":[{"href":"https:\/\/events.asc-cybernetics.org\/2026\/wp-json\/wp\/v2\/product\/840","targetHints":{"allow":["GET"]}}],"collection":[{"href":"https:\/\/events.asc-cybernetics.org\/2026\/wp-json\/wp\/v2\/product"}],"about":[{"href":"https:\/\/events.asc-cybernetics.org\/2026\/wp-json\/wp\/v2\/types\/product"}],"wp:attachment":[{"href":"https:\/\/events.asc-cybernetics.org\/2026\/wp-json\/wp\/v2\/media?parent=840"}],"wp:term":[{"taxonomy":"product_brand","embeddable":true,"href":"https:\/\/events.asc-cybernetics.org\/2026\/wp-json\/wp\/v2\/product_brand?post=840"},{"taxonomy":"product_cat","embeddable":true,"href":"https:\/\/events.asc-cybernetics.org\/2026\/wp-json\/wp\/v2\/product_cat?post=840"},{"taxonomy":"product_tag","embeddable":true,"href":"https:\/\/events.asc-cybernetics.org\/2026\/wp-json\/wp\/v2\/product_tag?post=840"}],"curies":[{"name":"wp","href":"https:\/\/api.w.org\/{rel}","templated":true}]}}